{"id":985,"date":"2021-11-24T16:08:32","date_gmt":"2021-11-24T16:08:32","guid":{"rendered":"https:\/\/strange-johnson.185-185-24-24.plesk.page\/?page_id=985"},"modified":"2021-11-24T17:07:58","modified_gmt":"2021-11-24T17:07:58","slug":"newsletter","status":"publish","type":"page","link":"https:\/\/strange-johnson.185-185-24-24.plesk.page\/index.php\/newsletter\/","title":{"rendered":"Newsletter"},"content":{"rendered":"<p>[et_pb_section fb_built=&#8221;1&#8243; fullwidth=&#8221;on&#8221; admin_label=&#8221;Hero&#8221; _builder_version=&#8221;4.14.1&#8243; background_image=&#8221;https:\/\/strange-johnson.185-185-24-24.plesk.page\/wp-content\/uploads\/2021\/11\/frei-parken-in-fssen-in-der-tiefgarage-der-sparkasse.jpg&#8221; parallax=&#8221;on&#8221; max_width=&#8221;80%&#8221; module_alignment=&#8221;center&#8221; custom_padding=&#8221;0px|0|0px|0px|false|false&#8221; global_colors_info=&#8221;{}&#8221; theme_builder_area=&#8221;post_content&#8221;][et_pb_fullwidth_header title=&#8221;Newsletter&#8221; subhead=&#8221;ANMELDUNG&#8221; text_orientation=&#8221;center&#8221; admin_label=&#8221;Fullwidth Header&#8221; _builder_version=&#8221;4.14.1&#8243; title_text_align=&#8221;center&#8221; title_font_size=&#8221;80px&#8221; title_line_height=&#8221;1.2em&#8221; content_font=&#8221;Open Sans||||||||&#8221; content_text_align=&#8221;center&#8221; content_font_size=&#8221;18px&#8221; content_line_height=&#8221;1.8em&#8221; subhead_font_size=&#8221;24px&#8221; subhead_line_height=&#8221;1.6em&#8221; background_color=&#8221;rgba(0,0,0,0)&#8221; use_background_color_gradient=&#8221;on&#8221; background_color_gradient_start=&#8221;rgba(151,181,13,0.82)&#8221; background_color_gradient_end=&#8221;rgba(41,17,96,0.8)&#8221; background_color_gradient_direction=&#8221;140deg&#8221; background_color_gradient_overlays_image=&#8221;on&#8221; parallax=&#8221;on&#8221; parallax_method=&#8221;on&#8221; custom_button_one=&#8221;on&#8221; button_one_text_size=&#8221;15px&#8221; button_one_bg_color=&#8221;rgba(151,181,13,0.9)&#8221; button_one_border_width=&#8221;15px&#8221; button_one_border_color=&#8221;RGBA(0,0,0,0)&#8221; button_one_border_radius=&#8221;100px&#8221; button_one_letter_spacing=&#8221;5px&#8221; button_one_font=&#8221;Open Sans|700||on|||||&#8221; custom_margin=&#8221;|||&#8221; custom_padding=&#8221;10vw||10vw||true&#8221; custom_padding_tablet=&#8221;100px||100px||true&#8221; custom_padding_phone=&#8221;|||&#8221; custom_padding_last_edited=&#8221;on|desktop&#8221; hover_enabled=&#8221;0&#8243; title_font_size_tablet=&#8221;60px&#8221; title_font_size_phone=&#8221;36px&#8221; title_font_size_last_edited=&#8221;on|phone&#8221; content_font_size_tablet=&#8221;&#8221; content_font_size_phone=&#8221;14px&#8221; content_font_size_last_edited=&#8221;on|phone&#8221; subhead_font_size_tablet=&#8221;24px&#8221; subhead_font_size_phone=&#8221;16px&#8221; subhead_font_size_last_edited=&#8221;on|phone&#8221; button_one_text_size_tablet=&#8221;&#8221; button_one_text_size_phone=&#8221;&#8221; button_one_text_size_last_edited=&#8221;on|desktop&#8221; button_one_border_color_hover=&#8221;#ff8a3d&#8221; button_one_border_radius_hover=&#8221;100px&#8221; button_one_letter_spacing_hover=&#8221;5px&#8221; button_one_bg_color_hover=&#8221;#ff8a3d&#8221; global_colors_info=&#8221;{}&#8221; button_one_text_size__hover_enabled=&#8221;off&#8221; button_two_text_size__hover_enabled=&#8221;off&#8221; button_one_text_color__hover_enabled=&#8221;off&#8221; button_two_text_color__hover_enabled=&#8221;off&#8221; button_one_border_width__hover_enabled=&#8221;off&#8221; button_two_border_width__hover_enabled=&#8221;off&#8221; button_one_border_color__hover_enabled=&#8221;off|desktop&#8221; button_one_border_color__hover=&#8221;#ff8a3d&#8221; button_two_border_color__hover_enabled=&#8221;off&#8221; button_one_border_radius__hover_enabled=&#8221;on&#8221; button_one_border_radius__hover=&#8221;100px&#8221; button_two_border_radius__hover_enabled=&#8221;off&#8221; button_one_letter_spacing__hover_enabled=&#8221;on&#8221; button_one_letter_spacing__hover=&#8221;5px&#8221; button_two_letter_spacing__hover_enabled=&#8221;off&#8221; button_one_bg_color__hover_enabled=&#8221;on|hover&#8221; button_one_bg_color__hover=&#8221;#97B50D&#8221; button_two_bg_color__hover_enabled=&#8221;off&#8221; button_one_bg_enable_color__hover=&#8221;on&#8221; theme_builder_area=&#8221;post_content&#8221; sticky_enabled=&#8221;0&#8243;][\/et_pb_fullwidth_header][\/et_pb_section][et_pb_section fb_built=&#8221;1&#8243; admin_label=&#8221;Contact Info&#8221; _builder_version=&#8221;4.14.1&#8243; max_width=&#8221;80%&#8221; module_alignment=&#8221;center&#8221; global_colors_info=&#8221;{}&#8221; theme_builder_area=&#8221;post_content&#8221;][et_pb_row use_custom_gutter=&#8221;on&#8221; gutter_width=&#8221;1&#8243; admin_label=&#8221;Contact us&#8221; _builder_version=&#8221;4.14.1&#8243; custom_padding=&#8221;60px||||false|false&#8221; hover_enabled=&#8221;0&#8243; global_colors_info=&#8221;{}&#8221; theme_builder_area=&#8221;post_content&#8221; width=&#8221;70%&#8221; width_last_edited=&#8221;on|phone&#8221; sticky_enabled=&#8221;0&#8243; width_phone=&#8221;80%&#8221; width_tablet=&#8221;70%&#8221;][et_pb_column type=&#8221;4_4&#8243; _builder_version=&#8221;3.25&#8243; custom_padding=&#8221;|||&#8221; global_colors_info=&#8221;{}&#8221; custom_padding__hover=&#8221;|||&#8221; theme_builder_area=&#8221;post_content&#8221;][et_pb_code _builder_version=&#8221;4.14.1&#8243; _module_preset=&#8221;default&#8221; theme_builder_area=&#8221;post_content&#8221; hover_enabled=&#8221;0&#8243; sticky_enabled=&#8221;0&#8243;]<div class=\"wpforms-container wpforms-container-full\" id=\"wpforms-987\"><form id=\"wpforms-form-987\" class=\"wpforms-validate wpforms-form\" data-formid=\"987\" method=\"post\" enctype=\"multipart\/form-data\" action=\"\/index.php\/wp-json\/wp\/v2\/pages\/985\" data-token=\"b6ebc8efcfb3597bee1263dced6fe460\"><noscript class=\"wpforms-error-noscript\">Please enable JavaScript in your browser to complete this form.<\/noscript><div class=\"wpforms-field-container\"><div id=\"wpforms-987-field_2-container\" class=\"wpforms-field wpforms-field-divider\" data-field-id=\"2\"><h3 id=\"wpforms-987-field_2\" name=\"wpforms[fields][2]\">Anmeldung zum Newsletter<\/h3><div class=\"wpforms-field-description\">Ich m\u00f6chte mich f\u00fcr den Newsletter \"Unternehmer-Newsletter\" anmelden.<\/div><\/div><div id=\"wpforms-987-field_4-container\" class=\"wpforms-field wpforms-field-select wpforms-field-select-style-classic\" data-field-id=\"4\"><label class=\"wpforms-field-label\" for=\"wpforms-987-field_4\">Anrede<\/label><select id=\"wpforms-987-field_4\" class=\"wpforms-field-large\" name=\"wpforms[fields][4]\"><option value=\"Herr\" >Herr<\/option><option value=\"Frau\" >Frau<\/option><option value=\"Herr*Frau\" >Herr*Frau<\/option><option value=\"Familie\" >Familie<\/option><\/select><\/div><div id=\"wpforms-987-field_0-container\" class=\"wpforms-field wpforms-field-name\" data-field-id=\"0\"><label class=\"wpforms-field-label\" for=\"wpforms-987-field_0\">Name <span class=\"wpforms-required-label\">*<\/span><\/label><div class=\"wpforms-field-row wpforms-field-large\"><div class=\"wpforms-field-row-block wpforms-first wpforms-one-half\"><input type=\"text\" id=\"wpforms-987-field_0\" class=\"wpforms-field-name-first wpforms-field-required\" name=\"wpforms[fields][0][first]\" placeholder=\"Vorname\" required><label for=\"wpforms-987-field_0\" class=\"wpforms-field-sublabel after wpforms-sublabel-hide\">First<\/label><\/div><div class=\"wpforms-field-row-block wpforms-one-half\"><input type=\"text\" id=\"wpforms-987-field_0-last\" class=\"wpforms-field-name-last wpforms-field-required\" name=\"wpforms[fields][0][last]\" placeholder=\"Nachname\" required><label for=\"wpforms-987-field_0-last\" class=\"wpforms-field-sublabel after wpforms-sublabel-hide\">Last<\/label><\/div><\/div><\/div><div id=\"wpforms-987-field_3-container\" class=\"wpforms-field wpforms-field-text\" data-field-id=\"3\"><label class=\"wpforms-field-label\" for=\"wpforms-987-field_3\">Name der Firma<\/label><input type=\"text\" id=\"wpforms-987-field_3\" class=\"wpforms-field-large\" name=\"wpforms[fields][3]\" ><\/div><div id=\"wpforms-987-field_1-container\" class=\"wpforms-field wpforms-field-email\" data-field-id=\"1\"><label class=\"wpforms-field-label\" for=\"wpforms-987-field_1\">Email <span class=\"wpforms-required-label\">*<\/span><\/label><input type=\"email\" id=\"wpforms-987-field_1\" class=\"wpforms-field-large wpforms-field-required\" name=\"wpforms[fields][1]\" required><\/div><div id=\"wpforms-987-field_6-container\" class=\"wpforms-field wpforms-field-checkbox\" data-field-id=\"6\"><ul id=\"wpforms-987-field_6\"><li class=\"choice-1 depth-1\"><input type=\"checkbox\" id=\"wpforms-987-field_6_1\" name=\"wpforms[fields][6][]\" value=\"Ich stimme zu, dass meine Angaben aus dem Formular zur Abwicklung des Newsletter-Versands erhoben und verarbeitet werden.\"  ><label class=\"wpforms-field-label-inline\" for=\"wpforms-987-field_6_1\">Ich stimme zu, dass meine Angaben aus dem Formular zur Abwicklung des Newsletter-Versands erhoben und verarbeitet werden.<\/label><\/li><\/ul><\/div><div id=\"wpforms-987-field_5-container\" class=\"wpforms-field wpforms-field-html\" data-field-id=\"5\"><div id=\"wpforms-987-field_5\">Detaillierte Informationen zum Umgang mit Nutzerdaten finden Sie in unserer <a href=\"https:\/\/www.vereinonline.org\/Werbegemeinschaft_Fuessen_eV\/?datenschutz\" target=\"new\"><u>Datenschutzerkl\u00e4rung<\/u><\/a>. Sie k\u00f6nnen diese Einwilligung jederzeit <a href=\"https:\/\/www.vereinonline.org\/Werbegemeinschaft_Fuessen_eV\/?unsubscribe\" target=\"_new\"><u>widerrufen<\/u><\/a>.<\/div><\/div><div id=\"wpforms-987-field_7-container\" class=\"wpforms-field wpforms-field-html\" data-field-id=\"7\"><div id=\"wpforms-987-field_7\"><a onclick=\"javascript:OpenPopup('https:\/\/www.vereinonline.org\/Werbegemeinschaft_Fuessen_eV\/?action=members_subscribe&amp;cmd=info&amp;dialog=1',500,500,0);;return false;\" href=\"https:\/\/www.vereinonline.org\/Werbegemeinschaft_Fuessen_eV\/?action=members_subscribe&amp;cmd=info&amp;dialog=1\" class=\"weblink\">Infos \u00bb<\/a><\/div><\/div><\/div><div class=\"wpforms-submit-container\" ><input type=\"hidden\" name=\"wpforms[id]\" value=\"987\"><input type=\"hidden\" name=\"wpforms[author]\" value=\"1\"><button type=\"submit\" name=\"wpforms[submit]\" class=\"wpforms-submit \" id=\"wpforms-submit-987\" value=\"wpforms-submit\" aria-live=\"assertive\" data-alt-text=\"Sending\u2026\" data-submit-text=\"Jetzt eintragen\">Jetzt eintragen<\/button><\/div><\/form><\/div>  <!-- .wpforms-container -->[\/et_pb_code][et_pb_text _builder_version=&#8221;4.14.1&#8243; _module_preset=&#8221;default&#8221; theme_builder_area=&#8221;post_content&#8221; text_font_size=&#8221;16px&#8221; text_text_color=&#8221;#444444&#8243; text_line_height=&#8221;1.6em&#8221; hover_enabled=&#8221;0&#8243; sticky_enabled=&#8221;0&#8243;]Mit dem Newsletter informieren wir alle Gewerbetreibende \u00fcber aktuelle Ereignisse in F\u00fcssen und der Umgebung. Weiter halten wir Sie \u00fcber die aktuellen Events und Veranstaltungen von Gemeinsam-WIR in F\u00fcssen auf dem Laufenden.[\/et_pb_text][\/et_pb_column][\/et_pb_row][\/et_pb_section][et_pb_section fb_built=&#8221;1&#8243; admin_label=&#8221;Contact Info&#8221; _builder_version=&#8221;4.14.1&#8243; max_width=&#8221;80%&#8221; module_alignment=&#8221;center&#8221; hover_enabled=&#8221;0&#8243; global_colors_info=&#8221;{}&#8221; theme_builder_area=&#8221;post_content&#8221; background_color=&#8221;#97B50D&#8221; sticky_enabled=&#8221;0&#8243;][et_pb_row use_custom_gutter=&#8221;on&#8221; gutter_width=&#8221;2&#8243; make_equal=&#8221;on&#8221; _builder_version=&#8221;4.14.1&#8243; custom_margin=&#8221;|||&#8221; custom_padding=&#8221;0px||0px||false|false&#8221; hover_enabled=&#8221;0&#8243; locked=&#8221;off&#8221; global_colors_info=&#8221;{}&#8221; theme_builder_area=&#8221;post_content&#8221; sticky_enabled=&#8221;0&#8243;][et_pb_column type=&#8221;4_4&#8243; _builder_version=&#8221;4.13.1&#8243; global_colors_info=&#8221;{}&#8221; theme_builder_area=&#8221;post_content&#8221;][et_pb_blurb title=&#8221;NEWSLETTER ARCHIVE&#8221; _builder_version=&#8221;4.14.1&#8243; header_font_size=&#8221;24px&#8221; header_line_height=&#8221;1.2em&#8221; body_font=&#8221;Open Sans||||||||&#8221; body_font_size=&#8221;16px&#8221; body_line_height=&#8221;1.8em&#8221; background_enable_color=&#8221;off&#8221; text_orientation=&#8221;center&#8221; animation_style=&#8221;fold&#8221; animation=&#8221;off&#8221; hover_enabled=&#8221;0&#8243; global_colors_info=&#8221;{}&#8221; theme_builder_area=&#8221;post_content&#8221; icon_placement=&#8221;left&#8221; sticky_enabled=&#8221;0&#8243; image_icon_width=&#8221;100px&#8221; background_layout=&#8221;dark&#8221;]<\/p>\n<p>Sie haben einen Newsletter verpasst? Kein Problem, hier gelangen sie zu den vorherigen Newslettern:<\/p>\n<p>[\/et_pb_blurb][et_pb_button button_text=&#8221;Zum Archiv    &#8221; _builder_version=&#8221;4.14.1&#8243; _module_preset=&#8221;default&#8221; theme_builder_area=&#8221;post_content&#8221; button_alignment=&#8221;center&#8221; custom_button=&#8221;on&#8221; button_border_color=&#8221;#FFFFFF&#8221; button_text_color=&#8221;#FFFFFF&#8221; custom_padding=&#8221;15px|32px|15px|32px|true|true&#8221; button_bg_color__hover_enabled=&#8221;on|hover&#8221; hover_enabled=&#8221;0&#8243; sticky_enabled=&#8221;0&#8243; button_bg_color__hover=&#8221;#FFFFFF&#8221; button_bg_enable_color__hover=&#8221;on&#8221; button_text_color__hover_enabled=&#8221;on|hover&#8221; button_text_color__hover=&#8221;#97B50D&#8221; button_url=&#8221;https:\/\/us14.campaign-archive.com\/home\/?u=c31b8652c7e69483f96d78dcd&#038;id=825dbf0783&#8243;][\/et_pb_button][\/et_pb_column][\/et_pb_row][\/et_pb_section]<\/p>\n","protected":false},"excerpt":{"rendered":"<p><div class=\"wpforms-container wpforms-container-full\" id=\"wpforms-987\"><form id=\"wpforms-form-987\" class=\"wpforms-validate wpforms-form\" data-formid=\"987\" method=\"post\" enctype=\"multipart\/form-data\" action=\"\/index.php\/wp-json\/wp\/v2\/pages\/985\" data-token=\"b6ebc8efcfb3597bee1263dced6fe460\"><noscript class=\"wpforms-error-noscript\">Please enable JavaScript in your browser to complete this form.<\/noscript><div class=\"wpforms-field-container\"><div id=\"wpforms-987-field_2-container\" class=\"wpforms-field wpforms-field-divider\" data-field-id=\"2\"><h3 id=\"wpforms-987-field_2\" name=\"wpforms[fields][2]\">Anmeldung zum Newsletter<\/h3><div class=\"wpforms-field-description\">Ich m\u00f6chte mich f\u00fcr den Newsletter \"Unternehmer-Newsletter\" anmelden.<\/div><\/div><div id=\"wpforms-987-field_4-container\" class=\"wpforms-field wpforms-field-select wpforms-field-select-style-classic\" data-field-id=\"4\"><label class=\"wpforms-field-label\" for=\"wpforms-987-field_4\">Anrede<\/label><select id=\"wpforms-987-field_4\" class=\"wpforms-field-large\" name=\"wpforms[fields][4]\"><option value=\"Herr\" >Herr<\/option><option value=\"Frau\" >Frau<\/option><option value=\"Herr*Frau\" >Herr*Frau<\/option><option value=\"Familie\" >Familie<\/option><\/select><\/div><div id=\"wpforms-987-field_0-container\" class=\"wpforms-field wpforms-field-name\" data-field-id=\"0\"><label class=\"wpforms-field-label\" for=\"wpforms-987-field_0\">Name <span class=\"wpforms-required-label\">*<\/span><\/label><div class=\"wpforms-field-row wpforms-field-large\"><div class=\"wpforms-field-row-block wpforms-first wpforms-one-half\"><input type=\"text\" id=\"wpforms-987-field_0\" class=\"wpforms-field-name-first wpforms-field-required\" name=\"wpforms[fields][0][first]\" placeholder=\"Vorname\" required><label for=\"wpforms-987-field_0\" class=\"wpforms-field-sublabel after wpforms-sublabel-hide\">First<\/label><\/div><div class=\"wpforms-field-row-block wpforms-one-half\"><input type=\"text\" id=\"wpforms-987-field_0-last\" class=\"wpforms-field-name-last wpforms-field-required\" name=\"wpforms[fields][0][last]\" placeholder=\"Nachname\" required><label for=\"wpforms-987-field_0-last\" class=\"wpforms-field-sublabel after wpforms-sublabel-hide\">Last<\/label><\/div><\/div><\/div><div id=\"wpforms-987-field_3-container\" class=\"wpforms-field wpforms-field-text\" data-field-id=\"3\"><label class=\"wpforms-field-label\" for=\"wpforms-987-field_3\">Name der Firma<\/label><input type=\"text\" id=\"wpforms-987-field_3\" class=\"wpforms-field-large\" name=\"wpforms[fields][3]\" ><\/div><div id=\"wpforms-987-field_1-container\" class=\"wpforms-field wpforms-field-email\" data-field-id=\"1\"><label class=\"wpforms-field-label\" for=\"wpforms-987-field_1\">Email <span class=\"wpforms-required-label\">*<\/span><\/label><input type=\"email\" id=\"wpforms-987-field_1\" class=\"wpforms-field-large wpforms-field-required\" name=\"wpforms[fields][1]\" required><\/div><div id=\"wpforms-987-field_6-container\" class=\"wpforms-field wpforms-field-checkbox\" data-field-id=\"6\"><ul id=\"wpforms-987-field_6\"><li class=\"choice-1 depth-1\"><input type=\"checkbox\" id=\"wpforms-987-field_6_1\" name=\"wpforms[fields][6][]\" value=\"Ich stimme zu, dass meine Angaben aus dem Formular zur Abwicklung des Newsletter-Versands erhoben und verarbeitet werden.\"  ><label class=\"wpforms-field-label-inline\" for=\"wpforms-987-field_6_1\">Ich stimme zu, dass meine Angaben aus dem Formular zur Abwicklung des Newsletter-Versands erhoben und verarbeitet werden.<\/label><\/li><\/ul><\/div><div id=\"wpforms-987-field_5-container\" class=\"wpforms-field wpforms-field-html\" data-field-id=\"5\"><div id=\"wpforms-987-field_5\">Detaillierte Informationen zum Umgang mit Nutzerdaten finden Sie in unserer <a href=\"https:\/\/www.vereinonline.org\/Werbegemeinschaft_Fuessen_eV\/?datenschutz\" target=\"new\"><u>Datenschutzerkl\u00e4rung<\/u><\/a>. Sie k\u00f6nnen diese Einwilligung jederzeit <a href=\"https:\/\/www.vereinonline.org\/Werbegemeinschaft_Fuessen_eV\/?unsubscribe\" target=\"_new\"><u>widerrufen<\/u><\/a>.<\/div><\/div><div id=\"wpforms-987-field_7-container\" class=\"wpforms-field wpforms-field-html\" data-field-id=\"7\"><div id=\"wpforms-987-field_7\"><a onclick=\"javascript:OpenPopup('https:\/\/www.vereinonline.org\/Werbegemeinschaft_Fuessen_eV\/?action=members_subscribe&amp;cmd=info&amp;dialog=1',500,500,0);;return false;\" href=\"https:\/\/www.vereinonline.org\/Werbegemeinschaft_Fuessen_eV\/?action=members_subscribe&amp;cmd=info&amp;dialog=1\" class=\"weblink\">Infos \u00bb<\/a><\/div><\/div><\/div><div class=\"wpforms-submit-container\" ><input type=\"hidden\" name=\"wpforms[id]\" value=\"987\"><input type=\"hidden\" name=\"wpforms[author]\" value=\"1\"><button type=\"submit\" name=\"wpforms[submit]\" class=\"wpforms-submit \" id=\"wpforms-submit-987\" value=\"wpforms-submit\" aria-live=\"assertive\" data-alt-text=\"Sending\u2026\" data-submit-text=\"Jetzt eintragen\">Jetzt eintragen<\/button><\/div><\/form><\/div>  <!-- .wpforms-container -->Mit dem Newsletter informieren wir alle Gewerbetreibende \u00fcber aktuelle Ereignisse in F\u00fcssen und der Umgebung. Weiter halten wir Sie \u00fcber die aktuellen Events und Veranstaltungen von Gemeinsam-WIR in F\u00fcssen auf dem Laufenden.Sie haben einen Newsletter verpasst? Kein Problem, hier gelangen sie zu den vorherigen Newslettern:<\/p>\n","protected":false},"author":1,"featured_media":0,"parent":0,"menu_order":0,"comment_status":"closed","ping_status":"closed","template":"","meta":{"_et_pb_use_builder":"on","_et_pb_old_content":"","_et_gb_content_width":"","footnotes":""},"class_list":["post-985","page","type-page","status-publish","hentry"],"_links":{"self":[{"href":"https:\/\/strange-johnson.185-185-24-24.plesk.page\/index.php\/wp-json\/wp\/v2\/pages\/985","targetHints":{"allow":["GET"]}}],"collection":[{"href":"https:\/\/strange-johnson.185-185-24-24.plesk.page\/index.php\/wp-json\/wp\/v2\/pages"}],"about":[{"href":"https:\/\/strange-johnson.185-185-24-24.plesk.page\/index.php\/wp-json\/wp\/v2\/types\/page"}],"author":[{"embeddable":true,"href":"https:\/\/strange-johnson.185-185-24-24.plesk.page\/index.php\/wp-json\/wp\/v2\/users\/1"}],"replies":[{"embeddable":true,"href":"https:\/\/strange-johnson.185-185-24-24.plesk.page\/index.php\/wp-json\/wp\/v2\/comments?post=985"}],"version-history":[{"count":4,"href":"https:\/\/strange-johnson.185-185-24-24.plesk.page\/index.php\/wp-json\/wp\/v2\/pages\/985\/revisions"}],"predecessor-version":[{"id":991,"href":"https:\/\/strange-johnson.185-185-24-24.plesk.page\/index.php\/wp-json\/wp\/v2\/pages\/985\/revisions\/991"}],"wp:attachment":[{"href":"https:\/\/strange-johnson.185-185-24-24.plesk.page\/index.php\/wp-json\/wp\/v2\/media?parent=985"}],"curies":[{"name":"wp","href":"https:\/\/api.w.org\/{rel}","templated":true}]}}